{"id":25674,"date":"2025-05-18T20:16:24","date_gmt":"2025-05-18T20:16:24","guid":{"rendered":"https:\/\/www.iaproxpert.com\/?page_id=25674"},"modified":"2025-07-15T10:21:03","modified_gmt":"2025-07-15T07:21:03","slug":"aviso-legal","status":"publish","type":"page","link":"https:\/\/www.iaproxpert.com\/de\/aviso-legal\/","title":{"rendered":"Rechtlicher Hinweis:"},"content":{"rendered":"<h1 class=\"wp-block-heading\">Rechtlicher Hinweis:<\/h1>\n\n\n\n<p>Diese Website, <strong>iaproxpert.com<\/strong>wird von IAProXpert O\u00dc betrieben, einem in Estland registrierten Unternehmen, das Beratungsdienstleistungen und KI-gest\u00fctzte Tools f\u00fcr Fachleute und Unternehmen anbietet.<\/p>\n\n\n\n<h2 class=\"wp-block-heading\">1. Eigent\u00fcmer der Website<\/h2>\n\n\n\n<p><strong>IAProXpert O\u00dc<\/strong><br>Reg. \u00c4 50276074 \/ M1<br>S\u00e4ase tn 14, Mustam\u00e4e, Tallinn, Estonia<br>Email: <a href=\"mailto:legal@iaproxpert.com\">legal@iaproxpert.com<\/a><br>Tel: +372 5375 0180<\/p>\n\n\n\n<h2 class=\"wp-block-heading\">2. Zweck<\/h2>\n\n\n\n<p>Dieser rechtliche Hinweis regelt den Zugang, die Navigation und die Nutzung der Website sowie die daraus resultierenden Verantwortlichkeiten im Zusammenhang mit den Inhalten.<\/p>\n\n\n\n<h2 class=\"wp-block-heading\">3. Geistiges und gewerbliches Eigentum<\/h2>\n\n\n\n<p>Alle Inhalte, Designs, Logos, Texte, Bilder und Software auf dieser Website sind Eigentum von IAProXpert oder deren Lizenzgebern und durch geistige und gewerbliche Schutzrechte gesch\u00fctzt.<\/p>\n\n\n\n<h2 class=\"wp-block-heading\">4. Externe Links<\/h2>\n\n\n\n<p>Diese Website kann Links zu Webseiten Dritter enthalten (z.\u202fB. OpenAI, Stripe). IAProXpert \u00fcbernimmt keine Verantwortung f\u00fcr deren Inhalte oder f\u00fcr Folgen, die sich aus der Nutzung dieser Seiten ergeben.<\/p>\n\n\n\n<h2 class=\"wp-block-heading\">5. Haftung<\/h2>\n\n\n\n<p>IAProXpert garantiert nicht die st\u00e4ndige Verf\u00fcgbarkeit der Website oder deren Fehler- oder Virenfreiheit. F\u00fcr Sch\u00e4den, die aus der Nutzung der ver\u00f6ffentlichten Informationen entstehen, wird keine Haftung \u00fcbernommen.<\/p>\n\n\n\n<h2 class=\"wp-block-heading\">6. Anwendbares Recht<\/h2>\n\n\n\n<p>Dieser Hinweis unterliegt dem estnischen Recht und den Vorschriften der Europ\u00e4ischen Union. Streitigkeiten werden von den Gerichten in Tallinn entschieden.<\/p>\n\n\n\n<p><strong>Letzte Aktualisierung:<\/strong> 18\/05\/2025<\/p>","protected":false},"excerpt":{"rendered":"<p>Aviso Legal Este sitio web, iaproxpert.com, es operado por IAProXpert O\u00dc, empresa registrada en Estonia y dedicada a ofrecer servicios de consultor\u00eda y herramientas basadas en inteligencia artificial para profesionales&hellip;<\/p>","protected":false},"author":1,"featured_media":0,"parent":0,"menu_order":0,"comment_status":"closed","ping_status":"closed","template":"","meta":{"rs_blank_template":"","rs_page_bg_color":"","slide_template_v7":"","footnotes":""},"class_list":["post-25674","page","type-page","status-publish","hentry"],"_links":{"self":[{"href":"https:\/\/www.iaproxpert.com\/de\/wp-json\/wp\/v2\/pages\/25674","targetHints":{"allow":["GET"]}}],"collection":[{"href":"https:\/\/www.iaproxpert.com\/de\/wp-json\/wp\/v2\/pages"}],"about":[{"href":"https:\/\/www.iaproxpert.com\/de\/wp-json\/wp\/v2\/types\/page"}],"author":[{"embeddable":true,"href":"https:\/\/www.iaproxpert.com\/de\/wp-json\/wp\/v2\/users\/1"}],"replies":[{"embeddable":true,"href":"https:\/\/www.iaproxpert.com\/de\/wp-json\/wp\/v2\/comments?post=25674"}],"version-history":[{"count":1,"href":"https:\/\/www.iaproxpert.com\/de\/wp-json\/wp\/v2\/pages\/25674\/revisions"}],"predecessor-version":[{"id":25675,"href":"https:\/\/www.iaproxpert.com\/de\/wp-json\/wp\/v2\/pages\/25674\/revisions\/25675"}],"wp:attachment":[{"href":"https:\/\/www.iaproxpert.com\/de\/wp-json\/wp\/v2\/media?parent=25674"}],"curies":[{"name":"wp","href":"https:\/\/api.w.org\/{rel}","templated":true}]}}