{"id":26086,"date":"2025-05-31T20:52:45","date_gmt":"2025-05-31T17:52:45","guid":{"rendered":"https:\/\/www.iaproxpert.com\/?page_id=26086"},"modified":"2025-05-31T20:52:48","modified_gmt":"2025-05-31T17:52:48","slug":"politica-de-suscripciones","status":"publish","type":"page","link":"https:\/\/www.iaproxpert.com\/de\/politica-de-suscripciones\/","title":{"rendered":"Abo-Richtlinien an."},"content":{"rendered":"<h1 class=\"wp-block-heading\">\ud83d\udcc4 Abonnement\u00adrichtlinien<\/h1>\n\n\n\n<p><strong>Letzte Aktualisierung:<\/strong> 31 de mayo de 2025<\/p>\n\n\n\n<h2 class=\"wp-block-heading\">1. Was ist in deinem Abo enthalten?<\/h2>\n\n\n\n<p>Mit einem unserer Pakete (IA Launch Pro, Business Core oder Scale Node) erh\u00e4ltst du <strong>3 Monate kostenlosen Zugang<\/strong> zu unserem verwalteten Hosting und technischen Services.<\/p>\n\n\n\n<p>Ab dem <strong>4. Monat<\/strong>wird automatisch ein monatliches <strong>Technik-Abo aktiviert,<\/strong>das Folgendes beinhaltet:<\/p>\n\n\n\n<ul class=\"wp-block-list\">\n<li>\u2714 Geteiltes oder dediziertes KI-Hosting (je nach Plan)<\/li>\n\n\n\n<li>\u2714 Technische Wartung und Backups<\/li>\n\n\n\n<li>\u2714 Skalierbarkeit nach Bedarf<\/li>\n\n\n\n<li>\u2714 Vollst\u00e4ndige Verwaltung durch unser Team<\/li>\n\n\n\n<li>\u2714 Jederzeit k\u00fcndbar<\/li>\n<\/ul>\n\n\n\n<h2 class=\"wp-block-heading\">2. Aktivierung und Abrechnung<\/h2>\n\n\n\n<ul class=\"wp-block-list\">\n<li>\ud83d\udcb3 Die erste Abbuchung erfolgt automatisch nach dem 3-monatigen Gratiszeitraum<\/li>\n\n\n\n<li>\ud83d\udce7 Benachrichtigung per E-Mail 5 Tage vor der Abbuchung<\/li>\n\n\n\n<li>\ud83e\uddfe Zahlung erfolgt mit der beim Kauf gew\u00e4hlten Methode<\/li>\n\n\n\n<li>\ud83d\udcb0 Monatlicher Preis: ab 49,90\u202f\u20ac\/Monat (je nach Plan und Steuern)<\/li>\n<\/ul>\n\n\n\n<h2 class=\"wp-block-heading\">3. Laufzeit und K\u00fcndigung<\/h2>\n\n\n\n<ul class=\"wp-block-list\">\n<li>\ud83d\udd01Automatische monatliche Verl\u00e4ngerung<\/li>\n\n\n\n<li>\u274c Jederzeit \u00fcber dein Konto k\u00fcndbar<\/li>\n\n\n\n<li>\ud83d\udcc6 Der Dienst bleibt bis zum Ende des Abrechnungszeitraums aktiv<\/li>\n<\/ul>\n\n\n\n<h2 class=\"wp-block-heading\">4. Steuern und Abrechnung<\/h2>\n\n\n\n<ul class=\"wp-block-list\">\n<li>\ud83c\udf0d MwSt. wird je nach Land und Steuerstatus berechnet<\/li>\n\n\n\n<li>\u2705 EU-Kunden mit g\u00fcltiger USt-IdNr. k\u00f6nnen 0\u202f% (Reverse-Charge) anwenden<\/li>\n\n\n\n<li>\ud83d\udcc4 Rechnungen sind nach jeder Zahlung in deinem Konto verf\u00fcgbar<\/li>\n<\/ul>\n\n\n\n<h2 class=\"wp-block-heading\">5. Plan\u00e4nderungen &amp; Skalierbarkeit<\/h2>\n\n\n\n<ul class=\"wp-block-list\">\n<li>\ud83d\udcc8 Du kannst jederzeit auf dedizierte Server oder eigene Infrastruktur skalieren<\/li>\n\n\n\n<li>\ud83d\udcc5 \u00c4nderungen mindestens 5 Tage vor dem n\u00e4chsten Abrechnungszeitraum anfragen<\/li>\n<\/ul>\n\n\n\n<h2 class=\"wp-block-heading\">6. Technische Verwaltung<\/h2>\n\n\n\n<ul class=\"wp-block-list\">\n<li>\ud83d\udd27 Unser Team verwaltet und wartet den Server<\/li>\n\n\n\n<li>\ud83d\udd10 Root-Zugang wird bei Shared-Pl\u00e4nen nicht angeboten<\/li>\n\n\n\n<li>\ud83d\udee0 Teilweiser technischer Zugriff ist bei erweiterten Pl\u00e4nen m\u00f6glich<\/li>\n<\/ul>\n\n\n\n<h2 class=\"wp-block-heading\">\ud83d\udcec \u00bfTienes dudas?<\/h2>\n\n\n\n<p>Schreib uns an <a href=\"mailto:soporte@iaproxpert.com\">soporte@iaproxpert.com<\/a><\/p>","protected":false},"excerpt":{"rendered":"<p>\ud83d\udcc4 Pol\u00edtica de Suscripciones \u00daltima actualizaci\u00f3n: 31 de mayo de 2025 1. \u00bfQu\u00e9 incluye tu suscripci\u00f3n? Al contratar uno de nuestros packs (IA Launch Pro, Business Core o Scale Node),&hellip;<\/p>","protected":false},"author":1,"featured_media":0,"parent":0,"menu_order":0,"comment_status":"closed","ping_status":"closed","template":"","meta":{"rs_blank_template":"","rs_page_bg_color":"","slide_template_v7":"","footnotes":""},"class_list":["post-26086","page","type-page","status-publish","hentry"],"_links":{"self":[{"href":"https:\/\/www.iaproxpert.com\/de\/wp-json\/wp\/v2\/pages\/26086","targetHints":{"allow":["GET"]}}],"collection":[{"href":"https:\/\/www.iaproxpert.com\/de\/wp-json\/wp\/v2\/pages"}],"about":[{"href":"https:\/\/www.iaproxpert.com\/de\/wp-json\/wp\/v2\/types\/page"}],"author":[{"embeddable":true,"href":"https:\/\/www.iaproxpert.com\/de\/wp-json\/wp\/v2\/users\/1"}],"replies":[{"embeddable":true,"href":"https:\/\/www.iaproxpert.com\/de\/wp-json\/wp\/v2\/comments?post=26086"}],"version-history":[{"count":1,"href":"https:\/\/www.iaproxpert.com\/de\/wp-json\/wp\/v2\/pages\/26086\/revisions"}],"predecessor-version":[{"id":26087,"href":"https:\/\/www.iaproxpert.com\/de\/wp-json\/wp\/v2\/pages\/26086\/revisions\/26087"}],"wp:attachment":[{"href":"https:\/\/www.iaproxpert.com\/de\/wp-json\/wp\/v2\/media?parent=26086"}],"curies":[{"name":"wp","href":"https:\/\/api.w.org\/{rel}","templated":true}]}}