{"id":26000,"date":"2025-05-28T13:12:52","date_gmt":"2025-05-28T13:12:52","guid":{"rendered":"https:\/\/www.iaproxpert.com\/?post_type=product&#038;p=26000"},"modified":"2025-05-31T21:31:52","modified_gmt":"2025-05-31T18:31:52","slug":"pack-ia-launch-pro","status":"publish","type":"product","link":"https:\/\/www.iaproxpert.com\/es\/producto\/pack-ia-launch-pro\/","title":{"rendered":"Pack IA Launch Pro"},"content":{"rendered":"<p>\ud83d\udca1 Para aut\u00f3nomos, coaches y peque\u00f1os negocios que buscan despegar con IA desde el primer d\u00eda.<\/p>\n<p>\u2705 Web WordPress personalizada (hasta 5 secciones)<br \/>\n\u2705 Chatbot IA b\u00e1sico (3 prompts personalizados)<br \/>\n\u2705 Hosting incluido 3 meses (Servidor Dedicado Administrado)*<br \/>\n\u2705 Entrega en 7\u201312 d\u00edas<br \/>\n\u2705 Dominio incluido (1er a\u00f1o)<br \/>\n\u2705 SSL, backups y configuraci\u00f3n lista para producci\u00f3n<\/p>\n<p>\ud83d\udd04 A partir del 4\u00ba mes:<br \/>\n\u2192 Suscripci\u00f3n Hosting Compartido + Mantenimiento: desde 59,90 \u20ac\/mes<br \/>\n\u2192 Upgrade disponible a servidor dedicado exclusivo<\/p>\n<p>*Servidor optimizado y compartido, configurado por nuestro equipo. Hosting escalable a medida.<\/p>\n","protected":false},"excerpt":{"rendered":"<p>\ud83c\udf81 Este pack incluye:<\/p>\n<p>\u2705 Desarrollo web IA llave en mano<br \/>\n\u2705 3 meses de hosting dedicado administrado<br \/>\n\u2705 Activaci\u00f3n autom\u00e1tica de suscripci\u00f3n t\u00e9cnica<\/p>\n<p>\ud83d\udcc5 A partir del 4\u00ba mes:<br \/>\nTu plan de hosting IA continuar\u00e1 por solo 59,90\u202f\u20ac\/mes (con mantenimiento incluido).<br \/>\nSin permanencia. Cancelable desde tu panel.<\/p>\n<p>\ud83e\udde0 M\u00e1s info: revisa nuestra <a href=\"https:\/\/www.iaproxpert.com\/politica-de-suscripciones\/\">Pol\u00edtica de Suscripciones.<\/a><\/p>\n","protected":false},"featured_media":26059,"comment_status":"open","ping_status":"closed","template":"","meta":{"rs_blank_template":"","rs_page_bg_color":"","slide_template_v7":""},"product_brand":[],"product_cat":[286],"product_tag":[],"class_list":{"0":"post-26000","1":"product","2":"type-product","3":"status-publish","4":"has-post-thumbnail","6":"product_cat-pack-ia-creativo-todo-incluido","8":"first","9":"instock","10":"sale","11":"virtual","12":"purchasable","13":"product-type-bundle"},"bundled_by":[],"bundle_stock_status":"instock","bundle_stock_quantity":"","bundle_virtual":true,"bundle_layout":"tabular","bundle_add_to_cart_form_location":"after_summary","bundle_editable_in_cart":false,"bundle_sold_individually_context":"product","bundle_item_grouping":"noindent","bundle_min_size":"","bundle_max_size":"","bundle_price":{"price":{"min":{"incl_tax":"990","excl_tax":"990"},"max":{"incl_tax":"990","excl_tax":"990"}},"regular_price":{"min":{"incl_tax":"1490","excl_tax":"1490"},"max":{"incl_tax":"1490","excl_tax":"1490"}}},"bundled_items":[{"bundled_item_id":1,"product_id":26070,"menu_order":0,"quantity_min":1,"quantity_max":1,"quantity_default":1,"priced_individually":true,"shipped_individually":true,"override_title":false,"title":"IA Shared Basic \u2013 Launchpad","override_description":false,"description":"","optional":false,"hide_thumbnail":false,"discount":"","override_variations":false,"allowed_variations":[],"override_default_variation_attributes":false,"default_variation_attributes":[],"single_product_visibility":"visible","cart_visibility":"visible","order_visibility":"visible","single_product_price_visibility":"hidden","cart_price_visibility":"hidden","order_price_visibility":"hidden","stock_status":"in_stock"}],"bundle_sell_ids":[],"_links":{"self":[{"href":"https:\/\/www.iaproxpert.com\/es\/wp-json\/wp\/v2\/product\/26000","targetHints":{"allow":["GET"]}}],"collection":[{"href":"https:\/\/www.iaproxpert.com\/es\/wp-json\/wp\/v2\/product"}],"about":[{"href":"https:\/\/www.iaproxpert.com\/es\/wp-json\/wp\/v2\/types\/product"}],"replies":[{"embeddable":true,"href":"https:\/\/www.iaproxpert.com\/es\/wp-json\/wp\/v2\/comments?post=26000"}],"wp:featuredmedia":[{"embeddable":true,"href":"https:\/\/www.iaproxpert.com\/es\/wp-json\/wp\/v2\/media\/26059"}],"wp:attachment":[{"href":"https:\/\/www.iaproxpert.com\/es\/wp-json\/wp\/v2\/media?parent=26000"}],"wp:term":[{"taxonomy":"product_brand","embeddable":true,"href":"https:\/\/www.iaproxpert.com\/es\/wp-json\/wp\/v2\/product_brand?post=26000"},{"taxonomy":"product_cat","embeddable":true,"href":"https:\/\/www.iaproxpert.com\/es\/wp-json\/wp\/v2\/product_cat?post=26000"},{"taxonomy":"product_tag","embeddable":true,"href":"https:\/\/www.iaproxpert.com\/es\/wp-json\/wp\/v2\/product_tag?post=26000"}],"curies":[{"name":"wp","href":"https:\/\/api.w.org\/{rel}","templated":true}]}}