{"id":26086,"date":"2025-05-31T20:52:45","date_gmt":"2025-05-31T17:52:45","guid":{"rendered":"https:\/\/www.iaproxpert.com\/?page_id=26086"},"modified":"2025-05-31T20:52:48","modified_gmt":"2025-05-31T17:52:48","slug":"politica-de-suscripciones","status":"publish","type":"page","link":"https:\/\/www.iaproxpert.com\/et\/politica-de-suscripciones\/","title":{"rendered":"Telli\u00admus\u00adpoliitikat."},"content":{"rendered":"<h1 class=\"wp-block-heading\">\ud83d\udcc4 Telli\u00admus\u00adtin\u00adgi\u00admu\u00adsed<\/h1>\n\n\n\n<p><strong>Viimati uuendatud:<\/strong> 31 de mayo de 2025<\/p>\n\n\n\n<h2 class=\"wp-block-heading\">1. Mida sisaldab sinu tellimus?<\/h2>\n\n\n\n<p>Valides \u00fche meie paketi (IA Launch Pro, Business Core v\u00f5i Scale Node), saad <strong>3 kuu tasuta juurdep\u00e4\u00e4su<\/strong> hallatud hostimisele ja tehnilistele teenustele.<\/p>\n\n\n\n<p>Alates <strong>4. kuust<\/strong>aktiveeritakse automaatselt <strong>tehniline tellimus,<\/strong>mis sisaldab:<\/p>\n\n\n\n<ul class=\"wp-block-list\">\n<li>\u2714 Jagatud v\u00f5i p\u00fchendatud AI-hosting (s\u00f5ltuvalt sinu paketist)<\/li>\n\n\n\n<li>\u2714 Tehniline hooldus ja varundus<\/li>\n\n\n\n<li>\u2714 Skaleeritavus vastavalt vajadusele<\/li>\n\n\n\n<li>\u2714 T\u00e4ielik haldus meie meeskonna poolt<\/li>\n\n\n\n<li>\u2714 V\u00f5imalik igal ajal t\u00fchistada<\/li>\n<\/ul>\n\n\n\n<h2 class=\"wp-block-heading\">2. Aktiveerimine ja tasumine<\/h2>\n\n\n\n<ul class=\"wp-block-list\">\n<li>\ud83d\udcb3 Esimene tasu arvestatakse automaatselt p\u00e4rast 3-kuulist tasuta perioodi<\/li>\n\n\n\n<li>\ud83d\udce7 E-kiri saadetakse 5 p\u00e4eva enne makset<\/li>\n\n\n\n<li>\ud83e\uddfe Tasumine toimub valitud makseviisiga ostuhetkel<\/li>\n\n\n\n<li>\ud83d\udcb0 Igakuine hind: alates 49,90\u202f\u20ac\/kuu (s\u00f5ltuvalt paketist ja maksudest)<\/li>\n<\/ul>\n\n\n\n<h2 class=\"wp-block-heading\">3. Kestus ja t\u00fchistamine<\/h2>\n\n\n\n<ul class=\"wp-block-list\">\n<li>\ud83d\udd01Kuu kaupa automaatne pikendamine<\/li>\n\n\n\n<li>\u274c T\u00fchistatav igal ajal oma kontolt<\/li>\n\n\n\n<li>\ud83d\udcc6 Teenus j\u00e4\u00e4b aktiivseks kuni tasutud arveldusts\u00fckli l\u00f5puni<\/li>\n<\/ul>\n\n\n\n<h2 class=\"wp-block-heading\">4. Maksud ja arveldamine<\/h2>\n\n\n\n<ul class=\"wp-block-list\">\n<li>\ud83c\udf0d KM arvestatakse vastavalt riigile ja maksustaatusele<\/li>\n\n\n\n<li>\u2705 EL kliendid kehtiva KMKR numbriga saavad 0% p\u00f6\u00f6rdmaksustuse<\/li>\n\n\n\n<li>\ud83d\udcc4 Arved on saadaval sinu kontol p\u00e4rast igat makset<\/li>\n<\/ul>\n\n\n\n<h2 class=\"wp-block-heading\">5. Paketi muutmine ja skaleeritavus<\/h2>\n\n\n\n<ul class=\"wp-block-list\">\n<li>\ud83d\udcc8 Saad igal ajal \u00fcle minna eraldi serveritele v\u00f5i enda infrastruktuurile<\/li>\n\n\n\n<li>\ud83d\udcc5 Muudatuste taotlemine v\u00e4hemalt 5 p\u00e4eva enne j\u00e4rgmist arveldusts\u00fcklit<\/li>\n<\/ul>\n\n\n\n<h2 class=\"wp-block-heading\">6. Tehniline haldus<\/h2>\n\n\n\n<ul class=\"wp-block-list\">\n<li>\ud83d\udd27 Meie tiim haldab ja hooldab serverit<\/li>\n\n\n\n<li>\ud83d\udd10 Jagatud plaanides ei anta root-juurdep\u00e4\u00e4su<\/li>\n\n\n\n<li>\ud83d\udee0 Osaline tehniline ligip\u00e4\u00e4s v\u00f5imalik edasij\u00f5udnutele m\u00f5eldud plaanides<\/li>\n<\/ul>\n\n\n\n<h2 class=\"wp-block-heading\">\ud83d\udcec \u00bfTienes dudas?<\/h2>\n\n\n\n<p>Kirjuta meile aadressil <a href=\"mailto:soporte@iaproxpert.com\">soporte@iaproxpert.com<\/a><\/p>","protected":false},"excerpt":{"rendered":"<p>\ud83d\udcc4 Pol\u00edtica de Suscripciones \u00daltima actualizaci\u00f3n: 31 de mayo de 2025 1. \u00bfQu\u00e9 incluye tu suscripci\u00f3n? Al contratar uno de nuestros packs (IA Launch Pro, Business Core o Scale Node),&hellip;<\/p>","protected":false},"author":1,"featured_media":0,"parent":0,"menu_order":0,"comment_status":"closed","ping_status":"closed","template":"","meta":{"rs_blank_template":"","rs_page_bg_color":"","slide_template_v7":"","footnotes":""},"class_list":["post-26086","page","type-page","status-publish","hentry"],"_links":{"self":[{"href":"https:\/\/www.iaproxpert.com\/et\/wp-json\/wp\/v2\/pages\/26086","targetHints":{"allow":["GET"]}}],"collection":[{"href":"https:\/\/www.iaproxpert.com\/et\/wp-json\/wp\/v2\/pages"}],"about":[{"href":"https:\/\/www.iaproxpert.com\/et\/wp-json\/wp\/v2\/types\/page"}],"author":[{"embeddable":true,"href":"https:\/\/www.iaproxpert.com\/et\/wp-json\/wp\/v2\/users\/1"}],"replies":[{"embeddable":true,"href":"https:\/\/www.iaproxpert.com\/et\/wp-json\/wp\/v2\/comments?post=26086"}],"version-history":[{"count":1,"href":"https:\/\/www.iaproxpert.com\/et\/wp-json\/wp\/v2\/pages\/26086\/revisions"}],"predecessor-version":[{"id":26087,"href":"https:\/\/www.iaproxpert.com\/et\/wp-json\/wp\/v2\/pages\/26086\/revisions\/26087"}],"wp:attachment":[{"href":"https:\/\/www.iaproxpert.com\/et\/wp-json\/wp\/v2\/media?parent=26086"}],"curies":[{"name":"wp","href":"https:\/\/api.w.org\/{rel}","templated":true}]}}