{"id":26000,"date":"2025-05-28T13:12:52","date_gmt":"2025-05-28T13:12:52","guid":{"rendered":"https:\/\/www.iaproxpert.com\/?post_type=product&#038;p=26000"},"modified":"2025-05-31T21:31:52","modified_gmt":"2025-05-31T18:31:52","slug":"pack-ia-launch-pro","status":"publish","type":"product","link":"https:\/\/www.iaproxpert.com\/et\/toode\/pack-ia-launch-pro\/","title":{"rendered":"Pack IA Launch Pro"},"content":{"rendered":"<p>\ud83d\udca1 Ideaalseks stardiks vabakutselistele, coach\u2019idele ja v\u00e4ikestele ettev\u00f5tetele, kes soovivad alustada tehisintellektiga esimesest p\u00e4evast.<\/p>\n<p>\u2705 Kohandatud WordPress-veeb (kuni 5 sektsiooni)<br \/>\n\u2705 P\u00f5hiline AI chatbot (3 kohandatud prompti)<br \/>\n\u2705 3 kuud hostimist kaasas (Hallatud p\u00fchendatud server)*<br \/>\n\u2705 Valmimisaeg 7\u201312 p\u00e4eva<br \/>\n\u2705 Domeen (esimene aasta) kaasas<br \/>\n\u2705 SSL, varukoopiad ja tootmiseks valmis seadistus<\/p>\n<p>\ud83d\udd04 Alates 4. kuust:<br \/>\n\u2192 Jagatud hostingu + hoolduse tellimus: alates 79,90 \u20ac\/kuus<br \/>\n\u2192 V\u00f5imalus uuendada eksklusiivseks p\u00fchendatud serveriks<\/p>\n<p>* Optimeeritud ja jagatud server, seadistatud meie meeskonna poolt. Skaleeritav vastavalt vajadustele.<\/p>","protected":false},"excerpt":{"rendered":"<p>\ud83c\udf81 Pakett sisaldab:<\/p>\n<p>\u2705 T\u00e4islahendusena tehisintellekti veebiarendus<br \/>\n\u2705 3 kuud hallatud p\u00fchendatud hostimist<br \/>\n\u2705 Tehnilise tellimuse automaatne aktiveerimine<\/p>\n<p>\ud83d\udcc5 Alates 4. kuust:<br \/>\nSinu AI-hostingu plaan j\u00e4tkub vaid 59,90\u202f\u20ac\/kuu eest (sisaldab hooldust).<br \/>\nIlma siduvuseta. T\u00fchistatav otse paneelist.<\/p>\n<p>\ud83d\udd0e Rohkem infot: vaata meie <a href=\"https:\/\/www.iaproxpert.com\/politica-de-suscripciones\/\">Telli\u00admus\u00adpoliitikat.<\/a><\/p>","protected":false},"featured_media":26059,"comment_status":"open","ping_status":"closed","template":"","meta":{"rs_blank_template":"","rs_page_bg_color":"","slide_template_v7":""},"product_brand":[],"product_cat":[286],"product_tag":[],"class_list":{"0":"post-26000","1":"product","2":"type-product","3":"status-publish","4":"has-post-thumbnail","6":"product_cat-pack-ia-creativo-todo-incluido","8":"first","9":"instock","10":"sale","11":"virtual","12":"purchasable","13":"product-type-bundle"},"bundled_by":[],"bundle_stock_status":"instock","bundle_stock_quantity":"","bundle_virtual":true,"bundle_layout":"tabular","bundle_add_to_cart_form_location":"after_summary","bundle_editable_in_cart":false,"bundle_sold_individually_context":"product","bundle_item_grouping":"noindent","bundle_min_size":"","bundle_max_size":"","bundle_price":{"price":{"min":{"incl_tax":"990","excl_tax":"990"},"max":{"incl_tax":"990","excl_tax":"990"}},"regular_price":{"min":{"incl_tax":"1490","excl_tax":"1490"},"max":{"incl_tax":"1490","excl_tax":"1490"}}},"bundled_items":[{"bundled_item_id":1,"product_id":26070,"menu_order":0,"quantity_min":1,"quantity_max":1,"quantity_default":1,"priced_individually":true,"shipped_individually":true,"override_title":false,"title":"IA Shared Basic \u2013 Launchpad","override_description":false,"description":"","optional":false,"hide_thumbnail":false,"discount":"","override_variations":false,"allowed_variations":[],"override_default_variation_attributes":false,"default_variation_attributes":[],"single_product_visibility":"visible","cart_visibility":"visible","order_visibility":"visible","single_product_price_visibility":"hidden","cart_price_visibility":"hidden","order_price_visibility":"hidden","stock_status":"in_stock"}],"bundle_sell_ids":[],"_links":{"self":[{"href":"https:\/\/www.iaproxpert.com\/et\/wp-json\/wp\/v2\/product\/26000","targetHints":{"allow":["GET"]}}],"collection":[{"href":"https:\/\/www.iaproxpert.com\/et\/wp-json\/wp\/v2\/product"}],"about":[{"href":"https:\/\/www.iaproxpert.com\/et\/wp-json\/wp\/v2\/types\/product"}],"replies":[{"embeddable":true,"href":"https:\/\/www.iaproxpert.com\/et\/wp-json\/wp\/v2\/comments?post=26000"}],"wp:featuredmedia":[{"embeddable":true,"href":"https:\/\/www.iaproxpert.com\/et\/wp-json\/wp\/v2\/media\/26059"}],"wp:attachment":[{"href":"https:\/\/www.iaproxpert.com\/et\/wp-json\/wp\/v2\/media?parent=26000"}],"wp:term":[{"taxonomy":"product_brand","embeddable":true,"href":"https:\/\/www.iaproxpert.com\/et\/wp-json\/wp\/v2\/product_brand?post=26000"},{"taxonomy":"product_cat","embeddable":true,"href":"https:\/\/www.iaproxpert.com\/et\/wp-json\/wp\/v2\/product_cat?post=26000"},{"taxonomy":"product_tag","embeddable":true,"href":"https:\/\/www.iaproxpert.com\/et\/wp-json\/wp\/v2\/product_tag?post=26000"}],"curies":[{"name":"wp","href":"https:\/\/api.w.org\/{rel}","templated":true}]}}