{"id":26004,"date":"2025-05-28T13:18:56","date_gmt":"2025-05-28T13:18:56","guid":{"rendered":"https:\/\/www.iaproxpert.com\/?post_type=product&#038;p=26004"},"modified":"2025-06-02T02:24:45","modified_gmt":"2025-06-01T23:24:45","slug":"pack-ia-scale-node","status":"publish","type":"product","link":"https:\/\/www.iaproxpert.com\/et\/toode\/pack-ia-scale-node\/","title":{"rendered":"Pack IA Scale Node"},"content":{"rendered":"<p data-start=\"1088\" data-end=\"1165\">\ud83d\udcc8 <strong data-start=\"1091\" data-end=\"1165\">Dise\u00f1ado para empresas, proyectos IA medianos o ecommerce inteligentes<\/strong><\/p>\n<p data-start=\"1167\" data-end=\"1567\">\u2705 Web WordPress profesional o h\u00edbrida (WP + FastAPI o Django opcional)<br data-start=\"1237\" data-end=\"1240\" \/>T\u00e4iustatud tehisintellekti integratsioon: juhtpaneel, sisuhaldus, treenitud GPT-d<br data-start=\"1316\" data-end=\"1319\" \/>\u2705 Hosting dedicado incluido 3 meses (AX102 Hetzner)*<br data-start=\"1371\" data-end=\"1374\" \/>\u2705 Configuraci\u00f3n t\u00e9cnica: APIs, seguridad avanzada y performance<br data-start=\"1437\" data-end=\"1440\" \/>\u2705 Toetus esimese kuu jooksul p\u00e4rast \u00fcleandmist<br data-start=\"1484\" data-end=\"1487\" \/>\u2705 Acceso cliente + panel de edici\u00f3n personalizado<br data-start=\"1536\" data-end=\"1539\" \/>\u2705 Domeen (esimene aasta) kaasas<\/p>\n<p data-start=\"1569\" data-end=\"1730\">\ud83c\udf00 Alates 4. kuust: <strong data-start=\"1572\" data-end=\"1596\">A partir del 4\u00ba mes:<\/strong><br data-start=\"1596\" data-end=\"1599\" \/>\u2192 Suscripci\u00f3n Hosting Compartido Avanzado + Mantenimiento: desde 99,90 \u20ac\/mes<br data-start=\"1675\" data-end=\"1678\" \/>\u2192 Escalable a nodo dedicado o infraestructura propia<\/p>\n<p data-start=\"1732\" data-end=\"1852\">\ud83d\udee0\ufe0f *Incluye entrega bajo dominio y configuraci\u00f3n lista para producci\u00f3n. Servidor gestionado por nuestro equipo t\u00e9cnico.<\/p>\n<p style=\"font-size: 0.75rem; color: #bbb; text-align: center; margin-top: 15px;\">(* )See pakett sisaldab spetsiaalserverit esimeseks kolmeks kuuks.<\/p>","protected":false},"excerpt":{"rendered":"<p>\ud83c\udf81 Pakett sisaldab:<\/p>\n<p>\u2705 WordPress h\u00fcbriid- v\u00f5i pro-veeb (valik FastAPI\/Django tugi)<br \/>\n\u2705 T\u00e4iustatud tehisintellekti integratsioon koos juhtpaneeli ja treenitud GPT-dega<br \/>\n\u2705 3 kuud hallatud p\u00fchendatud hostimist (AX102 Hetzner)<br \/>\n\u2705 Kliendip\u00e4\u00e4s, t\u00e4iustatud turvalisus ja redigeerimispaneel<br \/>\n\u2705 Domeen ja algtugi kaasas<\/p>\n<p>\ud83d\udcc5 Alates 4. kuust:<br \/>\nAI-hosting j\u00e4tkub vaid 89,90\u202f\u20ac\/kuus (hooldus kaasas).<br \/>\nIlma siduvuseta. Skaleeritav eraldatud serverile.<\/p>\n<p>\ud83d\udd0e Rohkem infot: vaata meie <a href=\"https:\/\/www.iaproxpert.com\/politica-de-suscripciones\/\">Telli\u00admus\u00adpoliitikat.<\/a>.<\/p>","protected":false},"featured_media":26060,"comment_status":"open","ping_status":"closed","template":"","meta":{"rs_blank_template":"","rs_page_bg_color":"","slide_template_v7":""},"product_brand":[],"product_cat":[286],"product_tag":[],"class_list":{"0":"post-26004","1":"product","2":"type-product","3":"status-publish","4":"has-post-thumbnail","6":"product_cat-pack-ia-creativo-todo-incluido","8":"first","9":"instock","10":"sale","11":"virtual","12":"purchasable","13":"product-type-bundle"},"bundled_by":[],"bundle_stock_status":"instock","bundle_stock_quantity":"","bundle_virtual":false,"bundle_layout":"tabular","bundle_add_to_cart_form_location":"after_summary","bundle_editable_in_cart":false,"bundle_sold_individually_context":"product","bundle_item_grouping":"noindent","bundle_min_size":"","bundle_max_size":"","bundle_price":{"price":{"min":{"incl_tax":"2490","excl_tax":"2490"},"max":{"incl_tax":"2490","excl_tax":"2490"}},"regular_price":{"min":{"incl_tax":"2990","excl_tax":"2990"},"max":{"incl_tax":"2990","excl_tax":"2990"}}},"bundled_items":[{"bundled_item_id":4,"product_id":26072,"menu_order":0,"quantity_min":1,"quantity_max":1,"quantity_default":1,"priced_individually":true,"shipped_individually":true,"override_title":false,"title":"IA Shared Power \u2013 Titan Node","override_description":false,"description":"","optional":false,"hide_thumbnail":false,"discount":"","override_variations":false,"allowed_variations":[],"override_default_variation_attributes":false,"default_variation_attributes":[],"single_product_visibility":"visible","cart_visibility":"visible","order_visibility":"visible","single_product_price_visibility":"hidden","cart_price_visibility":"hidden","order_price_visibility":"hidden","stock_status":"in_stock"}],"bundle_sell_ids":[],"_links":{"self":[{"href":"https:\/\/www.iaproxpert.com\/et\/wp-json\/wp\/v2\/product\/26004","targetHints":{"allow":["GET"]}}],"collection":[{"href":"https:\/\/www.iaproxpert.com\/et\/wp-json\/wp\/v2\/product"}],"about":[{"href":"https:\/\/www.iaproxpert.com\/et\/wp-json\/wp\/v2\/types\/product"}],"replies":[{"embeddable":true,"href":"https:\/\/www.iaproxpert.com\/et\/wp-json\/wp\/v2\/comments?post=26004"}],"wp:featuredmedia":[{"embeddable":true,"href":"https:\/\/www.iaproxpert.com\/et\/wp-json\/wp\/v2\/media\/26060"}],"wp:attachment":[{"href":"https:\/\/www.iaproxpert.com\/et\/wp-json\/wp\/v2\/media?parent=26004"}],"wp:term":[{"taxonomy":"product_brand","embeddable":true,"href":"https:\/\/www.iaproxpert.com\/et\/wp-json\/wp\/v2\/product_brand?post=26004"},{"taxonomy":"product_cat","embeddable":true,"href":"https:\/\/www.iaproxpert.com\/et\/wp-json\/wp\/v2\/product_cat?post=26004"},{"taxonomy":"product_tag","embeddable":true,"href":"https:\/\/www.iaproxpert.com\/et\/wp-json\/wp\/v2\/product_tag?post=26004"}],"curies":[{"name":"wp","href":"https:\/\/api.w.org\/{rel}","templated":true}]}}