{"id":25667,"date":"2025-05-18T19:53:01","date_gmt":"2025-05-18T19:53:01","guid":{"rendered":"https:\/\/www.iaproxpert.com\/?page_id=25667"},"modified":"2025-05-18T20:12:47","modified_gmt":"2025-05-18T20:12:47","slug":"terminos-y-condiciones-de-uso","status":"publish","type":"page","link":"https:\/\/www.iaproxpert.com\/fr\/terminos-y-condiciones-de-uso\/","title":{"rendered":"Politique de Cookies"},"content":{"rendered":"<h1 class=\"wp-block-heading\">Politique de Cookies<\/h1>\n\n\n\n<p>Conform\u00e9ment \u00e0 la l\u00e9gislation europ\u00e9enne, nous informons les utilisateurs que le site IAProXpert utilise des cookies internes et tiers pour offrir une meilleure exp\u00e9rience, une analyse d\u2019utilisation et des services personnalis\u00e9s.<\/p>\n\n\n\n<h2 class=\"wp-block-heading\">1. Qu\u2019est-ce que les cookies?<\/h2>\n\n\n\n<p>Les cookies sont de petits fichiers stock\u00e9s sur votre appareil lors de la visite de certaines pages web. Ils permettent de reconna\u00eetre votre navigateur, d\u2019enregistrer vos pr\u00e9f\u00e9rences et de collecter des informations sur votre navigation.<\/p>\n\n\n\n<h2 class=\"wp-block-heading\">2. Types de cookies utilis\u00e9s<\/h2>\n\n\n\n<ul class=\"wp-block-list\">\n<li><strong>Cookies techniques:<\/strong> n\u00e9cessaires au bon fonctionnement du site.<\/li>\n\n\n\n<li><strong>Cookies d\u2019analyse:<\/strong> collectent des donn\u00e9es statistiques anonymes (ex. : Google Analytics).<\/li>\n\n\n\n<li><strong>Cookies tiers:<\/strong> utilis\u00e9s par des services tels que OpenAI, Stripe, Vimeo, etc.<\/li>\n<\/ul>\n\n\n\n<h2 class=\"wp-block-heading\">3. Consentement<\/h2>\n\n\n\n<p>Lors de la premi\u00e8re visite, un bandeau d\u2019information s\u2019affiche sur le site. L\u2019utilisateur peut accepter tous les cookies, les configurer ou les refuser. Le consentement peut \u00eatre retir\u00e9 \u00e0 tout moment.<\/p>\n\n\n\n<h2 class=\"wp-block-heading\">4. D\u00e9sactivation des cookies<\/h2>\n\n\n\n<p>Vous pouvez configurer votre navigateur pour bloquer ou supprimer les cookies. Cela peut toutefois affecter le bon fonctionnement du site.<\/p>\n\n\n\n<h2 class=\"wp-block-heading\">5. Modifications de la Politique<\/h2>\n\n\n\n<p>Nous pourrons mettre \u00e0 jour cette politique de cookies afin de l\u2019adapter aux \u00e9volutions l\u00e9gislatives ou fonctionnelles.<\/p>\n\n\n\n<p><strong>Derni\u00e8re mise \u00e0 jour:<\/strong> 18\/05\/2025<\/p>","protected":false},"excerpt":{"rendered":"<p>Pol\u00edtica de Cookies En cumplimiento de la legislaci\u00f3n europea, informamos a los usuarios que el sitio web de IAProXpert utiliza cookies propias y de terceros para ofrecer una mejor experiencia,&hellip;<\/p>","protected":false},"author":1,"featured_media":0,"parent":0,"menu_order":0,"comment_status":"closed","ping_status":"closed","template":"","meta":{"rs_blank_template":"","rs_page_bg_color":"","slide_template_v7":"","footnotes":""},"class_list":["post-25667","page","type-page","status-publish","hentry"],"_links":{"self":[{"href":"https:\/\/www.iaproxpert.com\/fr\/wp-json\/wp\/v2\/pages\/25667","targetHints":{"allow":["GET"]}}],"collection":[{"href":"https:\/\/www.iaproxpert.com\/fr\/wp-json\/wp\/v2\/pages"}],"about":[{"href":"https:\/\/www.iaproxpert.com\/fr\/wp-json\/wp\/v2\/types\/page"}],"author":[{"embeddable":true,"href":"https:\/\/www.iaproxpert.com\/fr\/wp-json\/wp\/v2\/users\/1"}],"replies":[{"embeddable":true,"href":"https:\/\/www.iaproxpert.com\/fr\/wp-json\/wp\/v2\/comments?post=25667"}],"version-history":[{"count":2,"href":"https:\/\/www.iaproxpert.com\/fr\/wp-json\/wp\/v2\/pages\/25667\/revisions"}],"predecessor-version":[{"id":25671,"href":"https:\/\/www.iaproxpert.com\/fr\/wp-json\/wp\/v2\/pages\/25667\/revisions\/25671"}],"wp:attachment":[{"href":"https:\/\/www.iaproxpert.com\/fr\/wp-json\/wp\/v2\/media?parent=25667"}],"curies":[{"name":"wp","href":"https:\/\/api.w.org\/{rel}","templated":true}]}}