{"id":25674,"date":"2025-05-18T20:16:24","date_gmt":"2025-05-18T20:16:24","guid":{"rendered":"https:\/\/www.iaproxpert.com\/?page_id=25674"},"modified":"2025-07-15T10:21:03","modified_gmt":"2025-07-15T07:21:03","slug":"aviso-legal","status":"publish","type":"page","link":"https:\/\/www.iaproxpert.com\/fr\/aviso-legal\/","title":{"rendered":"Mentions L\u00e9gales:"},"content":{"rendered":"<h1 class=\"wp-block-heading\">Mentions L\u00e9gales:<\/h1>\n\n\n\n<p>Ce site web, <strong>iaproxpert.com<\/strong>est exploit\u00e9 par IAProXpert O\u00dc, une entreprise enregistr\u00e9e en Estonie, sp\u00e9cialis\u00e9e dans les services de conseil et les outils bas\u00e9s sur l\u2019intelligence artificielle \u00e0 destination des professionnels et des entreprises.<\/p>\n\n\n\n<h2 class=\"wp-block-heading\">1. Propri\u00e9t\u00e9 du Site<\/h2>\n\n\n\n<p><strong>IAProXpert O\u00dc<\/strong><br>Reg. \u00c4 50276074 \/ M1<br>S\u00e4ase tn 14, Mustam\u00e4e, Tallinn, Estonia<br>Email: <a href=\"mailto:legal@iaproxpert.com\">legal@iaproxpert.com<\/a><br>Tel: +372 5375 0180<\/p>\n\n\n\n<h2 class=\"wp-block-heading\">2. Objet<\/h2>\n\n\n\n<p>Le pr\u00e9sent Avis r\u00e9git l\u2019acc\u00e8s, la navigation et l\u2019utilisation du site, ainsi que les responsabilit\u00e9s d\u00e9coulant de l\u2019utilisation de ses contenus.<\/p>\n\n\n\n<h2 class=\"wp-block-heading\">3. Propri\u00e9t\u00e9 Intellectuelle et Industrielle<\/h2>\n\n\n\n<p>Tous les contenus, designs, logos, textes, images et logiciels pr\u00e9sents sur ce site sont la propri\u00e9t\u00e9 de IAProXpert ou de ses conc\u00e9dants, et sont prot\u00e9g\u00e9s par les droits de propri\u00e9t\u00e9 intellectuelle et industrielle.<\/p>\n\n\n\n<h2 class=\"wp-block-heading\">4. Liens Externes<\/h2>\n\n\n\n<p>Ce site peut contenir des liens vers des sites tiers (ex. : OpenAI, Stripe). IAProXpert d\u00e9cline toute responsabilit\u00e9 quant \u00e0 leur contenu ou aux cons\u00e9quences li\u00e9es \u00e0 leur utilisation.<\/p>\n\n\n\n<h2 class=\"wp-block-heading\">5. Responsabilit\u00e9<\/h2>\n\n\n\n<p>IAProXpert ne garantit pas la disponibilit\u00e9 continue du site ni son absence d\u2019erreurs ou de virus. Elle d\u00e9cline toute responsabilit\u00e9 quant aux dommages r\u00e9sultant de l\u2019utilisation des informations publi\u00e9es.<\/p>\n\n\n\n<h2 class=\"wp-block-heading\">6. Droit Applicable<\/h2>\n\n\n\n<p>Le pr\u00e9sent avis est r\u00e9gi par la l\u00e9gislation de l\u2019Estonie et la r\u00e9glementation de l\u2019Union europ\u00e9enne. Les litiges seront tranch\u00e9s par les tribunaux de Tallinn.<\/p>\n\n\n\n<p><strong>Derni\u00e8re mise \u00e0 jour:<\/strong> 18\/05\/2025<\/p>","protected":false},"excerpt":{"rendered":"<p>Aviso Legal Este sitio web, iaproxpert.com, es operado por IAProXpert O\u00dc, empresa registrada en Estonia y dedicada a ofrecer servicios de consultor\u00eda y herramientas basadas en inteligencia artificial para profesionales&hellip;<\/p>","protected":false},"author":1,"featured_media":0,"parent":0,"menu_order":0,"comment_status":"closed","ping_status":"closed","template":"","meta":{"rs_blank_template":"","rs_page_bg_color":"","slide_template_v7":"","footnotes":""},"class_list":["post-25674","page","type-page","status-publish","hentry"],"_links":{"self":[{"href":"https:\/\/www.iaproxpert.com\/fr\/wp-json\/wp\/v2\/pages\/25674","targetHints":{"allow":["GET"]}}],"collection":[{"href":"https:\/\/www.iaproxpert.com\/fr\/wp-json\/wp\/v2\/pages"}],"about":[{"href":"https:\/\/www.iaproxpert.com\/fr\/wp-json\/wp\/v2\/types\/page"}],"author":[{"embeddable":true,"href":"https:\/\/www.iaproxpert.com\/fr\/wp-json\/wp\/v2\/users\/1"}],"replies":[{"embeddable":true,"href":"https:\/\/www.iaproxpert.com\/fr\/wp-json\/wp\/v2\/comments?post=25674"}],"version-history":[{"count":1,"href":"https:\/\/www.iaproxpert.com\/fr\/wp-json\/wp\/v2\/pages\/25674\/revisions"}],"predecessor-version":[{"id":25675,"href":"https:\/\/www.iaproxpert.com\/fr\/wp-json\/wp\/v2\/pages\/25674\/revisions\/25675"}],"wp:attachment":[{"href":"https:\/\/www.iaproxpert.com\/fr\/wp-json\/wp\/v2\/media?parent=25674"}],"curies":[{"name":"wp","href":"https:\/\/api.w.org\/{rel}","templated":true}]}}