{"id":26003,"date":"2025-05-28T13:15:33","date_gmt":"2025-05-28T13:15:33","guid":{"rendered":"https:\/\/www.iaproxpert.com\/?post_type=product&#038;p=26003"},"modified":"2025-06-02T02:24:45","modified_gmt":"2025-06-01T23:24:45","slug":"pack-ia-business-core","status":"publish","type":"product","link":"https:\/\/www.iaproxpert.com\/fr\/produit\/pack-ia-business-core\/","title":{"rendered":"Pack IA Business Core"},"content":{"rendered":"<p data-start=\"343\" data-end=\"419\">\ud83d\udcbc <strong data-start=\"346\" data-end=\"419\">Ideal para startups, profesionales del sector digital o SaaS peque\u00f1os<\/strong><\/p>\n<p data-start=\"421\" data-end=\"781\">\u2705 Site WordPress personnalis\u00e9 (jusqu\u2019\u00e0 10 sections) avec tunnels de conversion, pages de destination et blog<br data-start=\"500\" data-end=\"503\" \/>\u2705 Assistant GPT personnalis\u00e9 (int\u00e9gr\u00e9 au site)<br data-start=\"556\" data-end=\"559\" \/>\u2705 3 mois d\u2019h\u00e9bergement d\u00e9di\u00e9 inclus (Netcup RS8000 G11)*<br data-start=\"615\" data-end=\"618\" \/>\u2705 Int\u00e9gration avec Notion, MailerLite ou WhatsApp<br data-start=\"665\" data-end=\"668\" \/>\u2705 Support inclus pendant le premier mois apr\u00e8s livraison<br data-start=\"712\" data-end=\"715\" \/>\u2705 Domaine inclus (1re ann\u00e9e)<br data-start=\"743\" data-end=\"746\" \/>\u2705 Livraison rapide &amp; pr\u00eat \u00e0 l\u2019emploi<\/p>\n<p data-start=\"783\" data-end=\"937\">\ud83c\udf00 \u00c0 partir du 4e mois : <strong data-start=\"786\" data-end=\"810\">A partir del 4\u00ba mes:<\/strong><br data-start=\"810\" data-end=\"813\" \/>\u2192 Abonnement H\u00e9bergement partag\u00e9 + Maintenance : \u00e0 partir de 79,90\u202f\u20ac\/mois<br data-start=\"880\" data-end=\"883\" \/>\u2192 Possibilit\u00e9 de mise \u00e0 niveau vers un serveur d\u00e9di\u00e9 exclusif<\/p>\n<p data-start=\"939\" data-end=\"1041\">\ud83d\udee0\ufe0f Serveur g\u00e9r\u00e9 et configur\u00e9 par notre \u00e9quipe. \u00c9volutif selon vos besoins techniques.<\/p>\n<p style=\"font-size: 0.75rem; color: #bbb; text-align: center; margin-top: 15px;\">(* )Ce pack inclut un serveur d\u00e9di\u00e9 pour les 3 premiers mois.<\/p>","protected":false},"excerpt":{"rendered":"<p>\ud83c\udf81 Ce pack inclut :<\/p>\n<p>\u2705 Site WordPress pro avec tunnels de conversion, blog et design personnalis\u00e9<br \/>\nAssistant GPT personnalis\u00e9<br \/>\n\u2705 3 mois d\u2019h\u00e9bergement d\u00e9di\u00e9 manag\u00e9 (Netcup RS8000 G11)<br \/>\n\u2705 Int\u00e9gration avec Notion, WhatsApp ou MailerLite<br \/>\n\u2705 Nom de domaine inclus + support initial<\/p>\n<p>\ud83d\udcc5 \u00c0 partir du 4e mois :<br \/>\nVotre plan d\u2019h\u00e9bergement IA continue pour seulement 79,00\u202f\u20ac\/mois (maintenance incluse).<br \/>\nSans engagement. R\u00e9siliable depuis votre tableau de bord.<\/p>\n<p>\ud83d\udd0e Plus d\u2019infos : consultez notre <a href=\"https:\/\/www.iaproxpert.com\/politica-de-suscripciones\/\">Politique d\u2019Abonnement.<\/a>.<\/p>","protected":false},"featured_media":26058,"comment_status":"open","ping_status":"closed","template":"","meta":{"rs_blank_template":"","rs_page_bg_color":"","slide_template_v7":""},"product_brand":[],"product_cat":[286],"product_tag":[],"class_list":{"0":"post-26003","1":"product","2":"type-product","3":"status-publish","4":"has-post-thumbnail","6":"product_cat-pack-ia-creativo-todo-incluido","8":"first","9":"instock","10":"sale","11":"shipping-taxable","12":"purchasable","13":"product-type-bundle"},"bundled_by":[],"bundle_stock_status":"instock","bundle_stock_quantity":"","bundle_virtual":false,"bundle_layout":"tabular","bundle_add_to_cart_form_location":"after_summary","bundle_editable_in_cart":false,"bundle_sold_individually_context":"product","bundle_item_grouping":"noindent","bundle_min_size":"","bundle_max_size":"","bundle_price":{"price":{"min":{"incl_tax":"1490","excl_tax":"1490"},"max":{"incl_tax":"1490","excl_tax":"1490"}},"regular_price":{"min":{"incl_tax":"1950","excl_tax":"1950"},"max":{"incl_tax":"1950","excl_tax":"1950"}}},"bundled_items":[{"bundled_item_id":2,"product_id":26071,"menu_order":0,"quantity_min":1,"quantity_max":1,"quantity_default":1,"priced_individually":true,"shipped_individually":true,"override_title":false,"title":"IA Shared Pro \u2013 Fusion Core","override_description":false,"description":"","optional":false,"hide_thumbnail":false,"discount":"","override_variations":false,"allowed_variations":[],"override_default_variation_attributes":false,"default_variation_attributes":[],"single_product_visibility":"visible","cart_visibility":"visible","order_visibility":"visible","single_product_price_visibility":"hidden","cart_price_visibility":"hidden","order_price_visibility":"hidden","stock_status":"in_stock"}],"bundle_sell_ids":[],"_links":{"self":[{"href":"https:\/\/www.iaproxpert.com\/fr\/wp-json\/wp\/v2\/product\/26003","targetHints":{"allow":["GET"]}}],"collection":[{"href":"https:\/\/www.iaproxpert.com\/fr\/wp-json\/wp\/v2\/product"}],"about":[{"href":"https:\/\/www.iaproxpert.com\/fr\/wp-json\/wp\/v2\/types\/product"}],"replies":[{"embeddable":true,"href":"https:\/\/www.iaproxpert.com\/fr\/wp-json\/wp\/v2\/comments?post=26003"}],"wp:featuredmedia":[{"embeddable":true,"href":"https:\/\/www.iaproxpert.com\/fr\/wp-json\/wp\/v2\/media\/26058"}],"wp:attachment":[{"href":"https:\/\/www.iaproxpert.com\/fr\/wp-json\/wp\/v2\/media?parent=26003"}],"wp:term":[{"taxonomy":"product_brand","embeddable":true,"href":"https:\/\/www.iaproxpert.com\/fr\/wp-json\/wp\/v2\/product_brand?post=26003"},{"taxonomy":"product_cat","embeddable":true,"href":"https:\/\/www.iaproxpert.com\/fr\/wp-json\/wp\/v2\/product_cat?post=26003"},{"taxonomy":"product_tag","embeddable":true,"href":"https:\/\/www.iaproxpert.com\/fr\/wp-json\/wp\/v2\/product_tag?post=26003"}],"curies":[{"name":"wp","href":"https:\/\/api.w.org\/{rel}","templated":true}]}}