{"id":25674,"date":"2025-05-18T20:16:24","date_gmt":"2025-05-18T20:16:24","guid":{"rendered":"https:\/\/www.iaproxpert.com\/?page_id=25674"},"modified":"2025-07-15T10:21:03","modified_gmt":"2025-07-15T07:21:03","slug":"aviso-legal","status":"publish","type":"page","link":"https:\/\/www.iaproxpert.com\/pt\/aviso-legal\/","title":{"rendered":"Aviso Legal:"},"content":{"rendered":"<h1 class=\"wp-block-heading\">Aviso Legal:<\/h1>\n\n\n\n<p>Este site <strong>iaproxpert.com<\/strong>\u00e9 operado pela IAProXpert O\u00dc, uma empresa registada na Est\u00f3nia, dedicada \u00e0 presta\u00e7\u00e3o de servi\u00e7os de consultoria e ferramentas baseadas em intelig\u00eancia artificial para profissionais e empresas.<\/p>\n\n\n\n<h2 class=\"wp-block-heading\">1. Titularidade do Site<\/h2>\n\n\n\n<p><strong>IAProXpert O\u00dc<\/strong><br>Reg. \u00c4 50276074 \/ M1<br>S\u00e4ase tn 14, Mustam\u00e4e, Tallinn, Estonia<br>Email: <a href=\"mailto:legal@iaproxpert.com\">legal@iaproxpert.com<\/a><br>Tel: +372 5375 0180<\/p>\n\n\n\n<h2 class=\"wp-block-heading\">2. Objeto<\/h2>\n\n\n\n<p>O presente Aviso regula o acesso, a navega\u00e7\u00e3o e a utiliza\u00e7\u00e3o do site, bem como as responsabilidades decorrentes da utiliza\u00e7\u00e3o dos seus conte\u00fados.<\/p>\n\n\n\n<h2 class=\"wp-block-heading\">3. Propriedade Intelectual e Industrial<\/h2>\n\n\n\n<p>Todos os conte\u00fados, designs, log\u00f3tipos, textos, imagens e software presentes neste site s\u00e3o propriedade da IAProXpert ou dos seus licenciadores, estando protegidos por direitos de propriedade intelectual e industrial.<\/p>\n\n\n\n<h2 class=\"wp-block-heading\">4. Liga\u00e7\u00f5es Externas<\/h2>\n\n\n\n<p>Este site pode conter liga\u00e7\u00f5es para sites de terceiros (ex.: OpenAI, Stripe). A IAProXpert n\u00e3o se responsabiliza pelos seus conte\u00fados nem pelas consequ\u00eancias da sua utiliza\u00e7\u00e3o.<\/p>\n\n\n\n<h2 class=\"wp-block-heading\">5. Responsabilidade<\/h2>\n\n\n\n<p>A IAProXpert n\u00e3o garante a disponibilidade cont\u00ednua do site nem que este esteja livre de erros ou v\u00edrus. N\u00e3o se responsabiliza por danos decorrentes da utiliza\u00e7\u00e3o das informa\u00e7\u00f5es publicadas.<\/p>\n\n\n\n<h2 class=\"wp-block-heading\">6. Legisla\u00e7\u00e3o Aplic\u00e1vel<\/h2>\n\n\n\n<p>O presente aviso rege-se pela legisla\u00e7\u00e3o da Est\u00f3nia e pela regulamenta\u00e7\u00e3o da Uni\u00e3o Europeia. Os lit\u00edgios ser\u00e3o resolvidos pelos tribunais de Tallinn.<\/p>\n\n\n\n<p><strong>\u00daltima atualiza\u00e7\u00e3o:<\/strong> 18\/05\/2025<\/p>","protected":false},"excerpt":{"rendered":"<p>Aviso Legal Este sitio web, iaproxpert.com, es operado por IAProXpert O\u00dc, empresa registrada en Estonia y dedicada a ofrecer servicios de consultor\u00eda y herramientas basadas en inteligencia artificial para profesionales&hellip;<\/p>","protected":false},"author":1,"featured_media":0,"parent":0,"menu_order":0,"comment_status":"closed","ping_status":"closed","template":"","meta":{"rs_blank_template":"","rs_page_bg_color":"","slide_template_v7":"","footnotes":""},"class_list":["post-25674","page","type-page","status-publish","hentry"],"_links":{"self":[{"href":"https:\/\/www.iaproxpert.com\/pt\/wp-json\/wp\/v2\/pages\/25674","targetHints":{"allow":["GET"]}}],"collection":[{"href":"https:\/\/www.iaproxpert.com\/pt\/wp-json\/wp\/v2\/pages"}],"about":[{"href":"https:\/\/www.iaproxpert.com\/pt\/wp-json\/wp\/v2\/types\/page"}],"author":[{"embeddable":true,"href":"https:\/\/www.iaproxpert.com\/pt\/wp-json\/wp\/v2\/users\/1"}],"replies":[{"embeddable":true,"href":"https:\/\/www.iaproxpert.com\/pt\/wp-json\/wp\/v2\/comments?post=25674"}],"version-history":[{"count":1,"href":"https:\/\/www.iaproxpert.com\/pt\/wp-json\/wp\/v2\/pages\/25674\/revisions"}],"predecessor-version":[{"id":25675,"href":"https:\/\/www.iaproxpert.com\/pt\/wp-json\/wp\/v2\/pages\/25674\/revisions\/25675"}],"wp:attachment":[{"href":"https:\/\/www.iaproxpert.com\/pt\/wp-json\/wp\/v2\/media?parent=25674"}],"curies":[{"name":"wp","href":"https:\/\/api.w.org\/{rel}","templated":true}]}}