{"id":26000,"date":"2025-05-28T13:12:52","date_gmt":"2025-05-28T13:12:52","guid":{"rendered":"https:\/\/www.iaproxpert.com\/?post_type=product&#038;p=26000"},"modified":"2025-05-31T21:31:52","modified_gmt":"2025-05-31T18:31:52","slug":"pack-ia-launch-pro","status":"publish","type":"product","link":"https:\/\/www.iaproxpert.com\/pt\/produto\/pack-ia-launch-pro\/","title":{"rendered":"Pack IA Launch Pro"},"content":{"rendered":"<p>\ud83d\udca1 Para freelancers, coaches e pequenos neg\u00f3cios prontos para lan\u00e7ar com IA desde o primeiro dia.<\/p>\n<p>\u2705 Website WordPress personalizado (at\u00e9 5 sec\u00e7\u00f5es)<br \/>\n\u2705 Chatbot IA b\u00e1sico (3 prompts personalizados)<br \/>\n\u2705 Alojamento inclu\u00eddo por 3 meses (Servidor Dedicado Gerido)*<br \/>\n\u2705 Entrega em 7\u201312 dias<br \/>\n\u2705 Dom\u00ednio inclu\u00eddo (1.\u00ba ano)<br \/>\n\u2705 SSL, backups e configura\u00e7\u00e3o pronta para produ\u00e7\u00e3o<\/p>\n<p>\ud83d\udd04 A partir do 4.\u00ba m\u00eas:<br \/>\n\u2192 Subscri\u00e7\u00e3o de Alojamento Partilhado + Manuten\u00e7\u00e3o: desde 79,90\u202f\u20ac\/m\u00eas<br \/>\n\u2192 Upgrade dispon\u00edvel para servidor dedicado exclusivo<\/p>\n<p>* Servidor otimizado e partilhado, configurado pela nossa equipa. Alojamento escal\u00e1vel \u00e0 medida.<\/p>","protected":false},"excerpt":{"rendered":"<p>\ud83c\udf81 Este pack inclui:<\/p>\n<p>\u2705 Desenvolvimento web com IA pronto a usar<br \/>\n\u2705 3 meses de alojamento dedicado gerido<br \/>\n\u2705 Ativa\u00e7\u00e3o autom\u00e1tica da subscri\u00e7\u00e3o t\u00e9cnica<\/p>\n<p>\ud83d\udcc5 A partir do 4.\u00ba m\u00eas:<br \/>\nO teu plano de alojamento IA continua por apenas 59,90\u202f\u20ac\/m\u00eas (com manuten\u00e7\u00e3o inclu\u00edda).<br \/>\nSem fideliza\u00e7\u00e3o. Cancel\u00e1vel no teu painel.<\/p>\n<p>\ud83d\udd0e Mais info: consulta a nossa <a href=\"https:\/\/www.iaproxpert.com\/politica-de-suscripciones\/\">Pol\u00edtica de Subscri\u00e7\u00e3o.<\/a><\/p>","protected":false},"featured_media":26059,"comment_status":"open","ping_status":"closed","template":"","meta":{"rs_blank_template":"","rs_page_bg_color":"","slide_template_v7":""},"product_brand":[],"product_cat":[286],"product_tag":[],"class_list":{"0":"post-26000","1":"product","2":"type-product","3":"status-publish","4":"has-post-thumbnail","6":"product_cat-pack-ia-creativo-todo-incluido","8":"first","9":"instock","10":"sale","11":"virtual","12":"purchasable","13":"product-type-bundle"},"bundled_by":[],"bundle_stock_status":"instock","bundle_stock_quantity":"","bundle_virtual":true,"bundle_layout":"tabular","bundle_add_to_cart_form_location":"after_summary","bundle_editable_in_cart":false,"bundle_sold_individually_context":"product","bundle_item_grouping":"noindent","bundle_min_size":"","bundle_max_size":"","bundle_price":{"price":{"min":{"incl_tax":"990","excl_tax":"990"},"max":{"incl_tax":"990","excl_tax":"990"}},"regular_price":{"min":{"incl_tax":"1490","excl_tax":"1490"},"max":{"incl_tax":"1490","excl_tax":"1490"}}},"bundled_items":[{"bundled_item_id":1,"product_id":26070,"menu_order":0,"quantity_min":1,"quantity_max":1,"quantity_default":1,"priced_individually":true,"shipped_individually":true,"override_title":false,"title":"IA Shared Basic \u2013 Launchpad","override_description":false,"description":"","optional":false,"hide_thumbnail":false,"discount":"","override_variations":false,"allowed_variations":[],"override_default_variation_attributes":false,"default_variation_attributes":[],"single_product_visibility":"visible","cart_visibility":"visible","order_visibility":"visible","single_product_price_visibility":"hidden","cart_price_visibility":"hidden","order_price_visibility":"hidden","stock_status":"in_stock"}],"bundle_sell_ids":[],"_links":{"self":[{"href":"https:\/\/www.iaproxpert.com\/pt\/wp-json\/wp\/v2\/product\/26000","targetHints":{"allow":["GET"]}}],"collection":[{"href":"https:\/\/www.iaproxpert.com\/pt\/wp-json\/wp\/v2\/product"}],"about":[{"href":"https:\/\/www.iaproxpert.com\/pt\/wp-json\/wp\/v2\/types\/product"}],"replies":[{"embeddable":true,"href":"https:\/\/www.iaproxpert.com\/pt\/wp-json\/wp\/v2\/comments?post=26000"}],"wp:featuredmedia":[{"embeddable":true,"href":"https:\/\/www.iaproxpert.com\/pt\/wp-json\/wp\/v2\/media\/26059"}],"wp:attachment":[{"href":"https:\/\/www.iaproxpert.com\/pt\/wp-json\/wp\/v2\/media?parent=26000"}],"wp:term":[{"taxonomy":"product_brand","embeddable":true,"href":"https:\/\/www.iaproxpert.com\/pt\/wp-json\/wp\/v2\/product_brand?post=26000"},{"taxonomy":"product_cat","embeddable":true,"href":"https:\/\/www.iaproxpert.com\/pt\/wp-json\/wp\/v2\/product_cat?post=26000"},{"taxonomy":"product_tag","embeddable":true,"href":"https:\/\/www.iaproxpert.com\/pt\/wp-json\/wp\/v2\/product_tag?post=26000"}],"curies":[{"name":"wp","href":"https:\/\/api.w.org\/{rel}","templated":true}]}}